{"id":244712,"date":"2023-09-14T21:10:22","date_gmt":"2023-09-14T19:10:22","guid":{"rendered":"https:\/\/www.lesdessertsdici.fr\/?post_type=product&#038;p=244712"},"modified":"2025-12-06T11:29:48","modified_gmt":"2025-12-06T10:29:48","slug":"le-royal-au-chocolat-de-hardricourt","status":"publish","type":"product","link":"https:\/\/www.lesdessertsdici.fr\/index.php\/produit\/le-royal-au-chocolat-de-hardricourt\/","title":{"rendered":"Le Royal au Chocolat de Hardricourt"},"content":{"rendered":"<p>A partager pour les petites comme les grandes occasions. Vous voulez une bonne nouvelle ? Ici, il est disponible toute l\u2019ann\u00e9e. Vous l\u2019essayez quand?<\/p>\n<p>Disponible en version SANS GLUTEN<\/p>\n<p>5\u20ac la part<\/p>\n","protected":false},"excerpt":{"rendered":"<p>Si vous faites partie de ces fans de chocolat qui veulent se faire plaisir (mais VRAIMENT plaisir) et tout\u00a0en l\u00e9g\u00e8ret\u00e9,\u00a0ce M. Royal\u00a0est \u00a0fait pour vous.<\/p>\n<p>Pourquoi?<\/p>\n<p>-Parce que son biscuit dacquoise apporte une saveur d\u00e9licate d\u2019amandes et qu\u2019il est d\u2019une l\u00e9g\u00e8ret\u00e9 incomparable,<\/p>\n<p>-parce que sa chantilly au\u00a0chocolat noir 58% pure origine est \u00ab\u00a0\u00e0 tomber\u00a0\u00bb (expression employ\u00e9e par des gourmets-cobayes) \u2026ou \u00a0\u00ab\u00a0une tuerie\u00a0\u00bb (vocabulaire d\u2019ados-testeurs)<\/p>\n<p>-et enfin parce que sa couche de croustillant au chocolat au lait apporte du craquant\u00a0et une saveur douce de chocolat mais aussi des touches de noisettes torr\u00e9fi\u00e9es, de coco et de fleur de sel.<\/p>\n<p>Bref, du chocolat gourmand et une texture mousseuse l\u00e9g\u00e8re associ\u00e9e \u00e0 du\u00a0moelleux et\u00a0du croustillant. Disponible version chocolat au lait ou chocolat noir, \u00e0 vous de choisir.<\/p>\n","protected":false},"featured_media":244715,"template":"","meta":{"_et_pb_use_builder":"","_et_pb_old_content":"","_et_gb_content_width":""},"product_brand":[],"product_cat":[29,26],"product_tag":[],"class_list":{"0":"post-244712","1":"product","2":"type-product","3":"status-publish","4":"has-post-thumbnail","6":"product_cat-gateaux-a-partager","7":"product_cat-patisseries","8":"wcpa_has_options","10":"first","11":"instock","12":"taxable","13":"shipping-taxable","14":"purchasable","15":"product-type-variable"},"_links":{"self":[{"href":"https:\/\/www.lesdessertsdici.fr\/index.php\/wp-json\/wp\/v2\/product\/244712","targetHints":{"allow":["GET"]}}],"collection":[{"href":"https:\/\/www.lesdessertsdici.fr\/index.php\/wp-json\/wp\/v2\/product"}],"about":[{"href":"https:\/\/www.lesdessertsdici.fr\/index.php\/wp-json\/wp\/v2\/types\/product"}],"wp:featuredmedia":[{"embeddable":true,"href":"https:\/\/www.lesdessertsdici.fr\/index.php\/wp-json\/wp\/v2\/media\/244715"}],"wp:attachment":[{"href":"https:\/\/www.lesdessertsdici.fr\/index.php\/wp-json\/wp\/v2\/media?parent=244712"}],"wp:term":[{"taxonomy":"product_brand","embeddable":true,"href":"https:\/\/www.lesdessertsdici.fr\/index.php\/wp-json\/wp\/v2\/product_brand?post=244712"},{"taxonomy":"product_cat","embeddable":true,"href":"https:\/\/www.lesdessertsdici.fr\/index.php\/wp-json\/wp\/v2\/product_cat?post=244712"},{"taxonomy":"product_tag","embeddable":true,"href":"https:\/\/www.lesdessertsdici.fr\/index.php\/wp-json\/wp\/v2\/product_tag?post=244712"}],"curies":[{"name":"wp","href":"https:\/\/api.w.org\/{rel}","templated":true}]}}