{"id":244618,"date":"2026-03-25T08:26:21","date_gmt":"2026-03-25T07:26:21","guid":{"rendered":"https:\/\/www.lesdessertsdici.fr\/?post_type=product&#038;p=244618"},"modified":"2026-03-25T09:53:53","modified_gmt":"2026-03-25T08:53:53","slug":"la-charlotte-aux-fraises","status":"publish","type":"product","link":"https:\/\/www.lesdessertsdici.fr\/index.php\/produit\/la-charlotte-aux-fraises\/","title":{"rendered":"La CHARLOTTE aux FRAISES d&rsquo;ICI"},"content":{"rendered":"<p>Votre Charlotte aux fraises est\u00a0disponible en 4, 6, 8 et 10 parts.<\/p>\n<p>5,5\u20ac la part<\/p>\n<p>Sur commande au plus tard 3 jours avant.<\/p>\n","protected":false},"excerpt":{"rendered":"<p>Pr\u00eats pour un dessert l\u00e9ger aux fraises? Ben oui, avec le printemps, une Charlotte ultra l\u00e9g\u00e8re garnie de fraises fraiches acidul\u00e9es ravira vos papilles.<\/p>\n<p>Cette tradition de la p\u00e2tisserie fran\u00e7aise se compose de biscuits cuill\u00e8re tr\u00e8s tr\u00e8s moelleux, d\u2019une chantilly mascarpone aux fraises et de fraises fraiches. Hummmmmm, des gourmands testeurs l\u2019ont d\u00e9j\u00e0 valid\u00e9e et re-command\u00e9e\u00a0<img decoding=\"async\" class=\"wp-smiley\" src=\"http:\/\/www.lesdessertsdici.fr\/wp-includes\/images\/smilies\/icon_wink.gif\" alt=\";-)\" \/><\/p>\n","protected":false},"featured_media":244623,"template":"","meta":{"_et_pb_use_builder":"","_et_pb_old_content":"","_et_gb_content_width":""},"product_brand":[],"product_cat":[29,26],"product_tag":[],"class_list":{"0":"post-244618","1":"product","2":"type-product","3":"status-publish","4":"has-post-thumbnail","6":"product_cat-gateaux-a-partager","7":"product_cat-patisseries","9":"first","10":"instock","11":"taxable","12":"shipping-taxable","13":"purchasable","14":"product-type-variable"},"_links":{"self":[{"href":"https:\/\/www.lesdessertsdici.fr\/index.php\/wp-json\/wp\/v2\/product\/244618","targetHints":{"allow":["GET"]}}],"collection":[{"href":"https:\/\/www.lesdessertsdici.fr\/index.php\/wp-json\/wp\/v2\/product"}],"about":[{"href":"https:\/\/www.lesdessertsdici.fr\/index.php\/wp-json\/wp\/v2\/types\/product"}],"wp:featuredmedia":[{"embeddable":true,"href":"https:\/\/www.lesdessertsdici.fr\/index.php\/wp-json\/wp\/v2\/media\/244623"}],"wp:attachment":[{"href":"https:\/\/www.lesdessertsdici.fr\/index.php\/wp-json\/wp\/v2\/media?parent=244618"}],"wp:term":[{"taxonomy":"product_brand","embeddable":true,"href":"https:\/\/www.lesdessertsdici.fr\/index.php\/wp-json\/wp\/v2\/product_brand?post=244618"},{"taxonomy":"product_cat","embeddable":true,"href":"https:\/\/www.lesdessertsdici.fr\/index.php\/wp-json\/wp\/v2\/product_cat?post=244618"},{"taxonomy":"product_tag","embeddable":true,"href":"https:\/\/www.lesdessertsdici.fr\/index.php\/wp-json\/wp\/v2\/product_tag?post=244618"}],"curies":[{"name":"wp","href":"https:\/\/api.w.org\/{rel}","templated":true}]}}