{"id":244506,"date":"2022-09-09T21:38:16","date_gmt":"2022-09-09T19:38:16","guid":{"rendered":"https:\/\/www.lesdessertsdici.fr\/?post_type=product&#038;p=244506"},"modified":"2024-12-08T09:51:36","modified_gmt":"2024-12-08T08:51:36","slug":"le-cookie-dici","status":"publish","type":"product","link":"https:\/\/www.lesdessertsdici.fr\/index.php\/produit\/le-cookie-dici\/","title":{"rendered":"Le Cookie d\u2019Ici"},"content":{"rendered":"<p>2,5 \u20ac la pi\u00e8ce<\/p>\n","protected":false},"excerpt":{"rendered":"<p>Tout \u00e7\u00e0 ne sonne pas vraiment d\u2019Ici mais si on farfouille dans sa composition, ce COOKIE D\u2019ICI est le digne r\u00e9sultat gourmand d\u2019ingr\u00e9dients du coin tels que la Farine (des Yvelines bien s\u00fbr) ou les p\u00e9pites de chocolat caram\u00e9lis\u00e9 (de la chocolaterie de Hardricourt). Croustillant \u00e0 l\u2019ext\u00e9rieur et fondant \u00e0 l\u2019int\u00e9rieur, certains ados-testeurs l\u2019ont renomm\u00e9 \u00ab la tuerie \u00bb.<\/p>\n","protected":false},"featured_media":244507,"template":"","meta":{"_et_pb_use_builder":"","_et_pb_old_content":"","_et_gb_content_width":""},"product_brand":[],"product_cat":[27],"product_tag":[],"class_list":{"0":"post-244506","1":"product","2":"type-product","3":"status-publish","4":"has-post-thumbnail","6":"product_cat-tea-time","8":"first","9":"instock","10":"taxable","11":"shipping-taxable","12":"purchasable","13":"product-type-simple"},"_links":{"self":[{"href":"https:\/\/www.lesdessertsdici.fr\/index.php\/wp-json\/wp\/v2\/product\/244506","targetHints":{"allow":["GET"]}}],"collection":[{"href":"https:\/\/www.lesdessertsdici.fr\/index.php\/wp-json\/wp\/v2\/product"}],"about":[{"href":"https:\/\/www.lesdessertsdici.fr\/index.php\/wp-json\/wp\/v2\/types\/product"}],"wp:featuredmedia":[{"embeddable":true,"href":"https:\/\/www.lesdessertsdici.fr\/index.php\/wp-json\/wp\/v2\/media\/244507"}],"wp:attachment":[{"href":"https:\/\/www.lesdessertsdici.fr\/index.php\/wp-json\/wp\/v2\/media?parent=244506"}],"wp:term":[{"taxonomy":"product_brand","embeddable":true,"href":"https:\/\/www.lesdessertsdici.fr\/index.php\/wp-json\/wp\/v2\/product_brand?post=244506"},{"taxonomy":"product_cat","embeddable":true,"href":"https:\/\/www.lesdessertsdici.fr\/index.php\/wp-json\/wp\/v2\/product_cat?post=244506"},{"taxonomy":"product_tag","embeddable":true,"href":"https:\/\/www.lesdessertsdici.fr\/index.php\/wp-json\/wp\/v2\/product_tag?post=244506"}],"curies":[{"name":"wp","href":"https:\/\/api.w.org\/{rel}","templated":true}]}}