{"id":244495,"date":"2022-09-09T21:29:47","date_gmt":"2022-09-09T19:29:47","guid":{"rendered":"https:\/\/www.lesdessertsdici.fr\/?post_type=product&#038;p=244495"},"modified":"2024-12-08T09:55:13","modified_gmt":"2024-12-08T08:55:13","slug":"la-pate-a-tartiner-chocolat-noisettes","status":"publish","type":"product","link":"https:\/\/www.lesdessertsdici.fr\/index.php\/produit\/la-pate-a-tartiner-chocolat-noisettes\/","title":{"rendered":"La P\u00e2te \u00e0 Tartiner Chocolat Noisettes"},"content":{"rendered":"<p>Pot de 200g<\/p>\n","protected":false},"excerpt":{"rendered":"<p>\u2026 ou\u00a0\u00ab\u00a0<strong>Tuerie de Juju<\/strong>\u00a0\u00bb. Pour la petite histoire, cette p\u00e2te \u00e0 tartiner a vu le jour dans la t\u00eate de l\u2019adolescente la plus gourmande que l\u2019on connaisse ICI : Juju. Elle fit remarquer \u00e0 la p\u00e2tissi\u00e8re du coin qu\u2019ICI, on ne pouvait pas bien vivre sans une certaine p\u00e2te \u00e0 tartiner \u2026 et qui devait \u00eatre tr\u00e8s chocolat\u00e9e, cr\u00e9meuse et surtout tr\u00e8s douce en go\u00fbt (traduction : pas de chocolat noir ni de dominance noisette mais du chocolat au lait et un gout de fruit sec tr\u00e8s doux). Ni une ni deux, La p\u00e2te \u00e0 tartiner d\u2019ICI est n\u00e9e \u2026 et Juju se r\u00e9gale avec une gourmandise artisanale et locale (chocolat au lait, pralin\u00e9 et gianduja de la Chocolaterie de Hardricourt).<\/p>\n","protected":false},"featured_media":244496,"template":"","meta":{"_et_pb_use_builder":"","_et_pb_old_content":"","_et_gb_content_width":""},"product_brand":[],"product_cat":[34,27],"product_tag":[],"class_list":{"0":"post-244495","1":"product","2":"type-product","3":"status-publish","4":"has-post-thumbnail","6":"product_cat-pates-a-tartiner","7":"product_cat-tea-time","9":"first","10":"instock","11":"taxable","12":"shipping-taxable","13":"purchasable","14":"product-type-simple"},"_links":{"self":[{"href":"https:\/\/www.lesdessertsdici.fr\/index.php\/wp-json\/wp\/v2\/product\/244495","targetHints":{"allow":["GET"]}}],"collection":[{"href":"https:\/\/www.lesdessertsdici.fr\/index.php\/wp-json\/wp\/v2\/product"}],"about":[{"href":"https:\/\/www.lesdessertsdici.fr\/index.php\/wp-json\/wp\/v2\/types\/product"}],"wp:featuredmedia":[{"embeddable":true,"href":"https:\/\/www.lesdessertsdici.fr\/index.php\/wp-json\/wp\/v2\/media\/244496"}],"wp:attachment":[{"href":"https:\/\/www.lesdessertsdici.fr\/index.php\/wp-json\/wp\/v2\/media?parent=244495"}],"wp:term":[{"taxonomy":"product_brand","embeddable":true,"href":"https:\/\/www.lesdessertsdici.fr\/index.php\/wp-json\/wp\/v2\/product_brand?post=244495"},{"taxonomy":"product_cat","embeddable":true,"href":"https:\/\/www.lesdessertsdici.fr\/index.php\/wp-json\/wp\/v2\/product_cat?post=244495"},{"taxonomy":"product_tag","embeddable":true,"href":"https:\/\/www.lesdessertsdici.fr\/index.php\/wp-json\/wp\/v2\/product_tag?post=244495"}],"curies":[{"name":"wp","href":"https:\/\/api.w.org\/{rel}","templated":true}]}}