{"id":244476,"date":"2022-09-09T06:48:20","date_gmt":"2022-09-09T04:48:20","guid":{"rendered":"https:\/\/www.lesdessertsdici.fr\/?post_type=product&#038;p=244476"},"modified":"2024-03-28T11:35:08","modified_gmt":"2024-03-28T10:35:08","slug":"le-cake-a-la-vanille","status":"publish","type":"product","link":"https:\/\/www.lesdessertsdici.fr\/index.php\/produit\/le-cake-a-la-vanille\/","title":{"rendered":"Le CAKE \u00e0 la Vanille"},"content":{"rendered":"<p>Nouveau ! Avec son nouvel emballage herm\u00e9tique, se conserve 6 mois, \u00e0 temp\u00e9rature ambiante<\/p>\n<p>Notre conseil d\u00e9gustation : faites ti\u00e9dir votre cake \u00e0 la vanille une fois tranch\u00e9, il sera encore plus moelleux et d\u00e9gagera un parfum de vanille encore plus prononc\u00e9.<\/p>\n<p>&nbsp;<\/p>\n<p><b>Conservation <\/b><span style=\"font-weight: 400;\">: 6 mois, \u00e0 temp\u00e9rature ambiante<\/span><\/p>\n<p><span style=\"color: red;\"><strong>Disponibilit\u00e9 produit :<\/strong><br \/>\n&#8211; Toute l&rsquo;ann\u00e9e<\/span><\/p>\n","protected":false},"excerpt":{"rendered":"<p>Encore un cake extra moelleux \u2026 et tellement parfum\u00e9 ! Enivrez-vous de vanille avec ce d\u00e9licieux cake parfum\u00e9 aux extraits naturels de vanille de Madagascar.<\/p>\n<p>Concoct\u00e9 avec une farine locale, du bon beurre frais, (un peu) de cr\u00e8me fraiche\u2026. mais sans colorants ni conservateurs.<\/p>\n","protected":false},"featured_media":244333,"template":"","meta":{"_et_pb_use_builder":"","_et_pb_old_content":"","_et_gb_content_width":""},"product_brand":[],"product_cat":[31,27],"product_tag":[],"class_list":{"0":"post-244476","1":"product","2":"type-product","3":"status-publish","4":"has-post-thumbnail","6":"product_cat-cakes-a-partager","7":"product_cat-tea-time","9":"first","10":"instock","11":"taxable","12":"shipping-taxable","13":"purchasable","14":"product-type-simple"},"_links":{"self":[{"href":"https:\/\/www.lesdessertsdici.fr\/index.php\/wp-json\/wp\/v2\/product\/244476","targetHints":{"allow":["GET"]}}],"collection":[{"href":"https:\/\/www.lesdessertsdici.fr\/index.php\/wp-json\/wp\/v2\/product"}],"about":[{"href":"https:\/\/www.lesdessertsdici.fr\/index.php\/wp-json\/wp\/v2\/types\/product"}],"wp:featuredmedia":[{"embeddable":true,"href":"https:\/\/www.lesdessertsdici.fr\/index.php\/wp-json\/wp\/v2\/media\/244333"}],"wp:attachment":[{"href":"https:\/\/www.lesdessertsdici.fr\/index.php\/wp-json\/wp\/v2\/media?parent=244476"}],"wp:term":[{"taxonomy":"product_brand","embeddable":true,"href":"https:\/\/www.lesdessertsdici.fr\/index.php\/wp-json\/wp\/v2\/product_brand?post=244476"},{"taxonomy":"product_cat","embeddable":true,"href":"https:\/\/www.lesdessertsdici.fr\/index.php\/wp-json\/wp\/v2\/product_cat?post=244476"},{"taxonomy":"product_tag","embeddable":true,"href":"https:\/\/www.lesdessertsdici.fr\/index.php\/wp-json\/wp\/v2\/product_tag?post=244476"}],"curies":[{"name":"wp","href":"https:\/\/api.w.org\/{rel}","templated":true}]}}