{"id":244198,"date":"2022-08-17T11:43:23","date_gmt":"2022-08-17T09:43:23","guid":{"rendered":"https:\/\/www.lesdessertsdici.fr\/?post_type=product&#038;p=244198"},"modified":"2025-12-06T11:46:11","modified_gmt":"2025-12-06T10:46:11","slug":"la-mini-tarte-au-chocolat-forever","status":"publish","type":"product","link":"https:\/\/www.lesdessertsdici.fr\/index.php\/produit\/la-mini-tarte-au-chocolat-forever\/","title":{"rendered":"La MINI TARTE au CHOCOLAT FOREVER"},"content":{"rendered":"<p><span style=\"font-weight: 400;\">Disponible en version SANS GLUTEN<br \/>\n<\/span><span style=\"font-weight: 400;\">A partir de 10 pi\u00e8ces<\/span><\/p>\n<p><span style=\"font-weight: 400;\">Composition et allerg\u00e8nes :<br \/>\n<\/span><b>farine de bl\u00e9<\/b><span style=\"font-weight: 400;\">, sucre, sel, cacao, chocolat 55%,<\/span><b> cr\u00e8me, beurre frais, <\/b><span style=\"font-weight: 400;\">g\u00e9latine bovine, <\/span><b>amandes<\/b><\/p>\n<p><span style=\"color: red;\"><strong>Disponibilit\u00e9 produit :<\/strong><br \/>\n&#8211; Toute l&rsquo;ann\u00e9e<\/span><\/p>\n","protected":false},"excerpt":{"rendered":"<p><span style=\"font-weight: 400;\">Pour les adeptes de chocolat noir, les Desserts d\u2019Ici, \u00a0c\u2019est \u00a0aussi une mini-tarte au chocolat pure origine 55% de cacao, en direct de\u00a0la Chocolaterie de Hardricourt. \u00a0C\u2019est bien beau, mais \u00e7\u00e0 se traduit comment dans les papilles \u00a0? Par le croustillant d\u2019un sabl\u00e9 breton au cacao et au bon beurre frais, par le fondant d\u2019une ganache chocolat noir 55% et par le croquant d\u2019amandes hach\u00e9es torr\u00e9fi\u00e9es.\u00a0C\u2019est extra, en petit format (2 \u00e0 3 bouch\u00e9es) pour satisfaire\u00a0tous les niveaux de gourmandises et en plus, c\u2019est toute l\u2019ann\u00e9e !<\/span><\/p>\n","protected":false},"featured_media":243770,"template":"","meta":{"_et_pb_use_builder":"","_et_pb_old_content":"","_et_gb_content_width":""},"product_brand":[],"product_cat":[30,26],"product_tag":[],"class_list":{"0":"post-244198","1":"product","2":"type-product","3":"status-publish","4":"has-post-thumbnail","6":"product_cat-mini-gateaux-a-picorer","7":"product_cat-patisseries","9":"first","10":"instock","11":"taxable","12":"shipping-taxable","13":"purchasable","14":"product-type-variable"},"_links":{"self":[{"href":"https:\/\/www.lesdessertsdici.fr\/index.php\/wp-json\/wp\/v2\/product\/244198","targetHints":{"allow":["GET"]}}],"collection":[{"href":"https:\/\/www.lesdessertsdici.fr\/index.php\/wp-json\/wp\/v2\/product"}],"about":[{"href":"https:\/\/www.lesdessertsdici.fr\/index.php\/wp-json\/wp\/v2\/types\/product"}],"wp:featuredmedia":[{"embeddable":true,"href":"https:\/\/www.lesdessertsdici.fr\/index.php\/wp-json\/wp\/v2\/media\/243770"}],"wp:attachment":[{"href":"https:\/\/www.lesdessertsdici.fr\/index.php\/wp-json\/wp\/v2\/media?parent=244198"}],"wp:term":[{"taxonomy":"product_brand","embeddable":true,"href":"https:\/\/www.lesdessertsdici.fr\/index.php\/wp-json\/wp\/v2\/product_brand?post=244198"},{"taxonomy":"product_cat","embeddable":true,"href":"https:\/\/www.lesdessertsdici.fr\/index.php\/wp-json\/wp\/v2\/product_cat?post=244198"},{"taxonomy":"product_tag","embeddable":true,"href":"https:\/\/www.lesdessertsdici.fr\/index.php\/wp-json\/wp\/v2\/product_tag?post=244198"}],"curies":[{"name":"wp","href":"https:\/\/api.w.org\/{rel}","templated":true}]}}